{"id":11203,"date":"2024-12-17T11:25:35","date_gmt":"2024-12-17T14:25:35","guid":{"rendered":"https:\/\/www.giselagarciagleria.com.ar\/?post_type=product&#038;p=11203"},"modified":"2026-03-29T19:31:26","modified_gmt":"2026-03-29T22:31:26","slug":"lamina-alambiques-de-glengyle","status":"publish","type":"product","link":"https:\/\/www.giselagarciagleria.com.ar\/en\/product\/lamina-alambiques-de-glengyle\/","title":{"rendered":"\u201cGlengyle Stills\u201d Art Print"},"content":{"rendered":"<p>Estas l\u00e1minas de obras originales de Gisela Garc\u00eda Gleria son <strong>edici\u00f3n limitada<\/strong> y solo se vender\u00e1n 15 ejemplares de cada dise\u00f1o.<br \/>\nEl tama\u00f1o de impresi\u00f3n recomendado es A4 (21 x 29.7 cm)<\/p>\n<p class=\"translation-block\">Customized orders are made for any work from the artist's <strong><a href=\"https:\/\/www.giselagarciagleria.com.ar\/en\/catalogo-de-pinturas\/\" target=\"_blank\" rel=\"noopener\">CATALOG<\/a><\/strong>.<\/p>\n<p>&nbsp;<\/p>\n<hr \/>\n<h3><\/h3>\n<h3>Artwork Info<\/h3>\n<p><a href=\"https:\/\/www.giselagarciagleria.com.ar\/wp-content\/uploads\/2022\/04\/Alambiques-de-Glengyle.jpg\"><img loading=\"lazy\" decoding=\"async\" class=\"alignnone size-medium wp-image-9504\" src=\"https:\/\/www.giselagarciagleria.com.ar\/wp-content\/uploads\/2022\/04\/Alambiques-de-Glengyle-300x252.jpg\" alt=\"Alambiques de Glengyle\" width=\"300\" height=\"252\" \/><\/a><\/p>\n<p><em>Serie: Distilleries<\/em><br \/>\n<em>Technique: Acrylic on canvas<\/em><br \/>\n<em>Size: 60 x 50 cm<\/em><br \/>\n<em>Year: 2022<\/em><\/p>\n<p class=\"translation-block\"><em>Inspired by a photograph by <a href=\"https:\/\/www.instagram.com\/kilkerransinglemalt\/?hl=en\" target=\"_blank\" rel=\"noopener\">@kilkerransinglemalt<\/a><br> <\/em><\/p>\n<p>Una de las tres destiler\u00edas en actividad en Campbeltown, Glengyle se arm\u00f3 de mucho equipamiento proveniente de otras destiler\u00edas cerradas de todo el territorio escoc\u00e9s.<br \/>\nCon la enorme tarea de poner otra vez en marcha y empezar a producir en Glengyle, el Sr. McHardy lo hizo muy bien desde los tempranos a\u00f1os 2000.<br \/>\nLos alambiques (uno de mash y el otro de spirit) fueron suministrados por la destiler\u00eda Ben Wyvis, retoc\u00e1ndolos para obtener el particular perfil de sabor de Kilkerran Single Malt, que tiene un suave car\u00e1cter con notas florales y delicadamente frutales.<\/p>","protected":false},"excerpt":{"rendered":"<p>L\u00e1mina descargable tama\u00f1o A4 con obra original de Gisela Garc\u00eda Gleria.<br \/>\nEDICI\u00d3N LIMITADA<\/p>","protected":false},"featured_media":11171,"template":"","meta":{"_et_pb_use_builder":"","_et_pb_old_content":"","_et_gb_content_width":""},"product_brand":[],"product_cat":[110],"product_tag":[],"class_list":{"0":"post-11203","1":"product","2":"type-product","3":"status-publish","4":"has-post-thumbnail","6":"product_cat-laminas","8":"first","9":"instock","10":"downloadable","11":"shipping-taxable","12":"purchasable","13":"product-type-simple"},"a3_pvc":{"activated":false,"total_views":17,"today_views":0},"_links":{"self":[{"href":"https:\/\/www.giselagarciagleria.com.ar\/en\/wp-json\/wp\/v2\/product\/11203","targetHints":{"allow":["GET"]}}],"collection":[{"href":"https:\/\/www.giselagarciagleria.com.ar\/en\/wp-json\/wp\/v2\/product"}],"about":[{"href":"https:\/\/www.giselagarciagleria.com.ar\/en\/wp-json\/wp\/v2\/types\/product"}],"wp:featuredmedia":[{"embeddable":true,"href":"https:\/\/www.giselagarciagleria.com.ar\/en\/wp-json\/wp\/v2\/media\/11171"}],"wp:attachment":[{"href":"https:\/\/www.giselagarciagleria.com.ar\/en\/wp-json\/wp\/v2\/media?parent=11203"}],"wp:term":[{"taxonomy":"product_brand","embeddable":true,"href":"https:\/\/www.giselagarciagleria.com.ar\/en\/wp-json\/wp\/v2\/product_brand?post=11203"},{"taxonomy":"product_cat","embeddable":true,"href":"https:\/\/www.giselagarciagleria.com.ar\/en\/wp-json\/wp\/v2\/product_cat?post=11203"},{"taxonomy":"product_tag","embeddable":true,"href":"https:\/\/www.giselagarciagleria.com.ar\/en\/wp-json\/wp\/v2\/product_tag?post=11203"}],"curies":[{"name":"wp","href":"https:\/\/api.w.org\/{rel}","templated":true}]}}