{"id":11206,"date":"2024-12-17T11:32:20","date_gmt":"2024-12-17T14:32:20","guid":{"rendered":"https:\/\/www.giselagarciagleria.com.ar\/?post_type=product&#038;p=11206"},"modified":"2026-03-29T19:30:25","modified_gmt":"2026-03-29T22:30:25","slug":"lamina-atardecer-en-machin-bay","status":"publish","type":"product","link":"https:\/\/www.giselagarciagleria.com.ar\/en\/product\/lamina-atardecer-en-machin-bay\/","title":{"rendered":"\u00abSunset at Machin Bay\u00bb  Art Print"},"content":{"rendered":"<p>Estas l\u00e1minas de obras originales de Gisela Garc\u00eda Gleria son <strong>edici\u00f3n limitada<\/strong> y solo se vender\u00e1n 15 ejemplares de cada dise\u00f1o.<br \/>\nEl tama\u00f1o de impresi\u00f3n recomendado es A4 (21 x 29.7 cm)<\/p>\n<p class=\"translation-block\">Customized orders are made for any work from the artist's <strong><a href=\"https:\/\/www.giselagarciagleria.com.ar\/en\/catalogo-de-pinturas\/\" target=\"_blank\" rel=\"noopener\">CATALOG<\/a><\/strong>.<\/p>\n<p>&nbsp;<\/p>\n<hr \/>\n<h3><\/h3>\n<h3>Artwork Info<\/h3>\n<p><a href=\"https:\/\/www.giselagarciagleria.com.ar\/wp-content\/uploads\/2020\/07\/Atardecer-en-Machir-Bay.jpg\"><img loading=\"lazy\" decoding=\"async\" class=\"alignnone size-medium wp-image-7040\" src=\"https:\/\/www.giselagarciagleria.com.ar\/wp-content\/uploads\/2020\/07\/Atardecer-en-Machir-Bay-300x300.jpg\" alt=\"Gisela Garc\u00eda Gleria\" width=\"300\" height=\"300\" \/><\/a><\/p>\n<p><em>Serie: Free Spirit<\/em><br \/>\n<em>Technique: Acrylic on canvas<\/em><br \/>\n<em>Size: 60 x 60 cm<\/em><br \/>\n<em>Year 2020<\/em><\/p>\n<p class=\"translation-block\"><strong><\/strong> <strong> Homage to Kilchoman Machir Bay Whiskey, Islay Single Malt Whiskey. <\/strong> <em> <br> <\/em> Inspired by a photo by @kilchomanwhisky.<\/p>\n<p class=\"translation-block\">Machir Bay, Kilchoman Single Malt, is a blend of matured in bourbon and sherry barrels. Named after Islay's most spectacular beach, the high proportion of bourbon barrels create a distinctive balance of Islay's classic character and fresh floral complexity. <br> When I tried it for the first time, my notes were of a maritime nature, a breeze, sweet and salty, spicy ahead, light but full-bodied, intense, like the coast of a sea at sunset.<\/p>","protected":false},"excerpt":{"rendered":"<p>L\u00e1mina descargable tama\u00f1o A4 con obra original de Gisela Garc\u00eda Gleria.<br \/>\nEDICI\u00d3N LIMITADA<\/p>","protected":false},"featured_media":11172,"template":"","meta":{"_et_pb_use_builder":"","_et_pb_old_content":"","_et_gb_content_width":""},"product_brand":[],"product_cat":[110],"product_tag":[],"class_list":{"0":"post-11206","1":"product","2":"type-product","3":"status-publish","4":"has-post-thumbnail","6":"product_cat-laminas","8":"first","9":"instock","10":"downloadable","11":"shipping-taxable","12":"purchasable","13":"product-type-simple"},"a3_pvc":{"activated":false,"total_views":4,"today_views":0},"_links":{"self":[{"href":"https:\/\/www.giselagarciagleria.com.ar\/en\/wp-json\/wp\/v2\/product\/11206","targetHints":{"allow":["GET"]}}],"collection":[{"href":"https:\/\/www.giselagarciagleria.com.ar\/en\/wp-json\/wp\/v2\/product"}],"about":[{"href":"https:\/\/www.giselagarciagleria.com.ar\/en\/wp-json\/wp\/v2\/types\/product"}],"wp:featuredmedia":[{"embeddable":true,"href":"https:\/\/www.giselagarciagleria.com.ar\/en\/wp-json\/wp\/v2\/media\/11172"}],"wp:attachment":[{"href":"https:\/\/www.giselagarciagleria.com.ar\/en\/wp-json\/wp\/v2\/media?parent=11206"}],"wp:term":[{"taxonomy":"product_brand","embeddable":true,"href":"https:\/\/www.giselagarciagleria.com.ar\/en\/wp-json\/wp\/v2\/product_brand?post=11206"},{"taxonomy":"product_cat","embeddable":true,"href":"https:\/\/www.giselagarciagleria.com.ar\/en\/wp-json\/wp\/v2\/product_cat?post=11206"},{"taxonomy":"product_tag","embeddable":true,"href":"https:\/\/www.giselagarciagleria.com.ar\/en\/wp-json\/wp\/v2\/product_tag?post=11206"}],"curies":[{"name":"wp","href":"https:\/\/api.w.org\/{rel}","templated":true}]}}