{"id":11231,"date":"2024-12-17T12:16:10","date_gmt":"2024-12-17T15:16:10","guid":{"rendered":"https:\/\/www.giselagarciagleria.com.ar\/?post_type=product&#038;p=11231"},"modified":"2026-03-29T19:22:46","modified_gmt":"2026-03-29T22:22:46","slug":"lamina-el-espiritu-de-la-aventura","status":"publish","type":"product","link":"https:\/\/www.giselagarciagleria.com.ar\/en\/product\/lamina-el-espiritu-de-la-aventura\/","title":{"rendered":"\u00abThe spirit of adventure\u00bb Art Print"},"content":{"rendered":"<p>Estas l\u00e1minas de obras originales de Gisela Garc\u00eda Gleria son <strong>edici\u00f3n limitada<\/strong> y solo se vender\u00e1n 15 ejemplares de cada dise\u00f1o.<br \/>\nEl tama\u00f1o de impresi\u00f3n recomendado es A4 (21 x 29.7 cm)<\/p>\n<p class=\"translation-block\">Customized orders are made for any work from the artist's <strong><a href=\"https:\/\/www.giselagarciagleria.com.ar\/en\/catalogo-de-pinturas\/\" target=\"_blank\" rel=\"noopener\">CATALOG<\/a><\/strong>.<\/p>\n<p>&nbsp;<\/p>\n<hr \/>\n<h3><\/h3>\n<h3>Artwork Info<\/h3>\n<p><a href=\"https:\/\/www.giselagarciagleria.com.ar\/wp-content\/uploads\/2021\/04\/El-espiritu-de-la-aventura.jpg\"><img loading=\"lazy\" decoding=\"async\" class=\"alignnone size-medium wp-image-9137\" src=\"https:\/\/www.giselagarciagleria.com.ar\/wp-content\/uploads\/2021\/04\/El-espiritu-de-la-aventura-300x300.jpg\" alt=\"El esp\u00edritu de la aventura\" width=\"300\" height=\"300\" \/><\/a><\/p>\n<p><em>Serie: Whisky World<\/em><br \/>\n<em>Technique: Acrylic on canvas<\/em><br \/>\n<em>Size: 40 x 40 cm<\/em><br \/>\n<em>Year: 2021<\/em><\/p>\n<p>Inspired by a photograph by @Talisker<\/p>\n<p class=\"translation-block\">Soon it will be released the 43-Year-Old Xpedition Oak: The Atlantic Challenge, the oldest whisky of Talisker distillery. <br> In the meanwhile there is nothing like taste the sea and the adventure spirit in the uncomparable Talisker 10-Year-Old expression.. <br> Slainte mhath!<\/p>","protected":false},"excerpt":{"rendered":"<p>L\u00e1mina descargable tama\u00f1o A4 con obra original de Gisela Garc\u00eda Gleria.<br \/>\nEDICI\u00d3N LIMITADA<\/p>","protected":false},"featured_media":11180,"template":"","meta":{"_et_pb_use_builder":"","_et_pb_old_content":"","_et_gb_content_width":""},"product_brand":[],"product_cat":[110],"product_tag":[],"class_list":{"0":"post-11231","1":"product","2":"type-product","3":"status-publish","4":"has-post-thumbnail","6":"product_cat-laminas","8":"first","9":"instock","10":"downloadable","11":"shipping-taxable","12":"purchasable","13":"product-type-simple"},"a3_pvc":{"activated":false,"total_views":9,"today_views":0},"_links":{"self":[{"href":"https:\/\/www.giselagarciagleria.com.ar\/en\/wp-json\/wp\/v2\/product\/11231","targetHints":{"allow":["GET"]}}],"collection":[{"href":"https:\/\/www.giselagarciagleria.com.ar\/en\/wp-json\/wp\/v2\/product"}],"about":[{"href":"https:\/\/www.giselagarciagleria.com.ar\/en\/wp-json\/wp\/v2\/types\/product"}],"wp:featuredmedia":[{"embeddable":true,"href":"https:\/\/www.giselagarciagleria.com.ar\/en\/wp-json\/wp\/v2\/media\/11180"}],"wp:attachment":[{"href":"https:\/\/www.giselagarciagleria.com.ar\/en\/wp-json\/wp\/v2\/media?parent=11231"}],"wp:term":[{"taxonomy":"product_brand","embeddable":true,"href":"https:\/\/www.giselagarciagleria.com.ar\/en\/wp-json\/wp\/v2\/product_brand?post=11231"},{"taxonomy":"product_cat","embeddable":true,"href":"https:\/\/www.giselagarciagleria.com.ar\/en\/wp-json\/wp\/v2\/product_cat?post=11231"},{"taxonomy":"product_tag","embeddable":true,"href":"https:\/\/www.giselagarciagleria.com.ar\/en\/wp-json\/wp\/v2\/product_tag?post=11231"}],"curies":[{"name":"wp","href":"https:\/\/api.w.org\/{rel}","templated":true}]}}