{"id":11234,"date":"2024-12-17T12:20:30","date_gmt":"2024-12-17T15:20:30","guid":{"rendered":"https:\/\/www.giselagarciagleria.com.ar\/?post_type=product&#038;p=11234"},"modified":"2026-03-29T19:21:59","modified_gmt":"2026-03-29T22:21:59","slug":"lamina-el-final-de-un-viaje-epico","status":"publish","type":"product","link":"https:\/\/www.giselagarciagleria.com.ar\/en\/product\/lamina-el-final-de-un-viaje-epico\/","title":{"rendered":"\u00abThe end of an epic jouney\u00bb Art Print"},"content":{"rendered":"<p>Estas l\u00e1minas de obras originales de Gisela Garc\u00eda Gleria son <strong>edici\u00f3n limitada<\/strong> y solo se vender\u00e1n 15 ejemplares de cada dise\u00f1o.<br \/>\nEl tama\u00f1o de impresi\u00f3n recomendado es A4 (21 x 29.7 cm)<\/p>\n<p class=\"translation-block\">Customized orders are made for any work from the artist's <strong><a href=\"https:\/\/www.giselagarciagleria.com.ar\/en\/catalogo-de-pinturas\/\" target=\"_blank\" rel=\"noopener\">CATALOG<\/a><\/strong>.<\/p>\n<p>&nbsp;<\/p>\n<hr \/>\n<h3><\/h3>\n<h3>Artwork Info<\/h3>\n<p><a href=\"https:\/\/www.giselagarciagleria.com.ar\/wp-content\/uploads\/2021\/06\/El-final-de-un-viaje-epico.jpg\"><img loading=\"lazy\" decoding=\"async\" class=\"alignnone size-medium wp-image-9192\" src=\"https:\/\/www.giselagarciagleria.com.ar\/wp-content\/uploads\/2021\/06\/El-final-de-un-viaje-epico-300x241.jpg\" alt=\"El final de un viaje \u00e9pico\" width=\"300\" height=\"241\" \/><\/a><\/p>\n<p><em>Serie: Sea Spirit<\/em><br \/>\n<em>Technique: Acrylic on canvas<\/em><br \/>\n<em>Size: 50 x 40 cm<\/em><br \/>\n<em>Year: 2021<\/em><\/p>\n<p class=\"translation-block\"><em> Inspired by a photograph by <a href=\"\/en\/@atlanticcampeign\/\" target=\"_self\"> Atlantic Campeign <\/a> posted by The MacLean Brothers and kindly submitted by Carsten Herston of the Talisker Whiskey Atlantic Challenge. <br> <\/em><\/p>\n<p class=\"translation-block\">The BROAR team took 35 days to reach Antigua from La Gomera, after paddling 3,000 miles across the Atlantic Ocean for the Talisker Whiskey Atlantic Challenge. <br> They are the first three brothers to paddle in any ocean, the youngest trio in paddle the Atlantic Ocean and the fastest trio to cross the Atlantic Ocean.<\/p>\n<p class=\"translation-block\">As they rowed to the record books, they raised funds for two major causes Feedback Madagascar and Children 1st with their great initiative: Whiskey for Water. <br> Congratulations to the MacLean brothers and everyone who was part of that dream.<\/p>","protected":false},"excerpt":{"rendered":"<p>L\u00e1mina descargable tama\u00f1o A4 con obra original de Gisela Garc\u00eda Gleria.<br \/>\nEDICI\u00d3N LIMITADA<\/p>","protected":false},"featured_media":11181,"template":"","meta":{"_et_pb_use_builder":"","_et_pb_old_content":"","_et_gb_content_width":""},"product_brand":[],"product_cat":[110],"product_tag":[],"class_list":{"0":"post-11234","1":"product","2":"type-product","3":"status-publish","4":"has-post-thumbnail","6":"product_cat-laminas","8":"first","9":"instock","10":"downloadable","11":"shipping-taxable","12":"purchasable","13":"product-type-simple"},"a3_pvc":{"activated":false,"total_views":23,"today_views":0},"_links":{"self":[{"href":"https:\/\/www.giselagarciagleria.com.ar\/en\/wp-json\/wp\/v2\/product\/11234","targetHints":{"allow":["GET"]}}],"collection":[{"href":"https:\/\/www.giselagarciagleria.com.ar\/en\/wp-json\/wp\/v2\/product"}],"about":[{"href":"https:\/\/www.giselagarciagleria.com.ar\/en\/wp-json\/wp\/v2\/types\/product"}],"wp:featuredmedia":[{"embeddable":true,"href":"https:\/\/www.giselagarciagleria.com.ar\/en\/wp-json\/wp\/v2\/media\/11181"}],"wp:attachment":[{"href":"https:\/\/www.giselagarciagleria.com.ar\/en\/wp-json\/wp\/v2\/media?parent=11234"}],"wp:term":[{"taxonomy":"product_brand","embeddable":true,"href":"https:\/\/www.giselagarciagleria.com.ar\/en\/wp-json\/wp\/v2\/product_brand?post=11234"},{"taxonomy":"product_cat","embeddable":true,"href":"https:\/\/www.giselagarciagleria.com.ar\/en\/wp-json\/wp\/v2\/product_cat?post=11234"},{"taxonomy":"product_tag","embeddable":true,"href":"https:\/\/www.giselagarciagleria.com.ar\/en\/wp-json\/wp\/v2\/product_tag?post=11234"}],"curies":[{"name":"wp","href":"https:\/\/api.w.org\/{rel}","templated":true}]}}