{"id":11240,"date":"2024-12-17T12:26:36","date_gmt":"2024-12-17T15:26:36","guid":{"rendered":"https:\/\/www.giselagarciagleria.com.ar\/?post_type=product&#038;p=11240"},"modified":"2026-03-29T19:20:20","modified_gmt":"2026-03-29T22:20:20","slug":"lamina-el-viejo-hombre-de-las-estrellas","status":"publish","type":"product","link":"https:\/\/www.giselagarciagleria.com.ar\/en\/product\/lamina-el-viejo-hombre-de-las-estrellas\/","title":{"rendered":"\u00abThe old man of the stars\u00bb Art Print"},"content":{"rendered":"<p>Estas l\u00e1minas de obras originales de Gisela Garc\u00eda Gleria son <strong>edici\u00f3n limitada<\/strong> y solo se vender\u00e1n 15 ejemplares de cada dise\u00f1o.<br \/>\nEl tama\u00f1o de impresi\u00f3n recomendado es A4 (21 x 29.7 cm)<\/p>\n<p class=\"translation-block\">Customized orders are made for any work from the artist's <strong><a href=\"https:\/\/www.giselagarciagleria.com.ar\/en\/catalogo-de-pinturas\/\" target=\"_blank\" rel=\"noopener\">CATALOG<\/a><\/strong>.<\/p>\n<p>&nbsp;<\/p>\n<hr \/>\n<h3><\/h3>\n<h3>Artwork info<\/h3>\n<p><a href=\"https:\/\/www.giselagarciagleria.com.ar\/wp-content\/uploads\/2019\/10\/el-viejo-hombre-de-las-estrellas-e1578318937746.jpg\"><img loading=\"lazy\" decoding=\"async\" class=\"size-medium wp-image-27\" src=\"https:\/\/www.giselagarciagleria.com.ar\/wp-content\/uploads\/2019\/10\/el-viejo-hombre-de-las-estrellas-300x300.jpg\" alt=\"El viejo hombre de las estrellas Gisela Garc\u00eda Gleria\" width=\"300\" height=\"300\" \/><\/a><br \/>\nSerie: Free Spirit<br \/>\nTechnique: Acrylic on canvas<br \/>\nSize: 60 x 60 cm<br \/>\nYear: 2019<\/p>\n<p class=\"translation-block\"><strong> Tribute to Talisker Select Reserve, LImitted Edition, Game of Thrones House of Greyjoy, Single Malt Scotch Whiskey, <br> <\/strong> <em> inspired by a photo of Roman Mattei, taken on the Isle of Skye, Scotland . <\/em><\/p>\n<p class=\"translation-block\">Each of the Game of Thrones whiskies was named to represent a \"house\" or family of the series, but instead of combining distillery styles with these families, Diageo decided to try to link the geographical locations of the distilleries with those of the families, in the fictional country of Westeros, which roughly follows the design of the British Isles. <br> The painting shows an epic image of the Old Man of Storr, a rocky pinnacle on the Isle of Skye, one of the most photographed places in Scotland.<\/p>","protected":false},"excerpt":{"rendered":"<p>L\u00e1mina descargable tama\u00f1o A4 con obra original de Gisela Garc\u00eda Gleria.<br \/>\nEDICI\u00d3N LIMITADA<\/p>","protected":false},"featured_media":11183,"template":"","meta":{"_et_pb_use_builder":"","_et_pb_old_content":"","_et_gb_content_width":""},"product_brand":[],"product_cat":[110],"product_tag":[],"class_list":{"0":"post-11240","1":"product","2":"type-product","3":"status-publish","4":"has-post-thumbnail","6":"product_cat-laminas","8":"first","9":"instock","10":"downloadable","11":"shipping-taxable","12":"purchasable","13":"product-type-simple"},"a3_pvc":{"activated":false,"total_views":7,"today_views":0},"_links":{"self":[{"href":"https:\/\/www.giselagarciagleria.com.ar\/en\/wp-json\/wp\/v2\/product\/11240","targetHints":{"allow":["GET"]}}],"collection":[{"href":"https:\/\/www.giselagarciagleria.com.ar\/en\/wp-json\/wp\/v2\/product"}],"about":[{"href":"https:\/\/www.giselagarciagleria.com.ar\/en\/wp-json\/wp\/v2\/types\/product"}],"wp:featuredmedia":[{"embeddable":true,"href":"https:\/\/www.giselagarciagleria.com.ar\/en\/wp-json\/wp\/v2\/media\/11183"}],"wp:attachment":[{"href":"https:\/\/www.giselagarciagleria.com.ar\/en\/wp-json\/wp\/v2\/media?parent=11240"}],"wp:term":[{"taxonomy":"product_brand","embeddable":true,"href":"https:\/\/www.giselagarciagleria.com.ar\/en\/wp-json\/wp\/v2\/product_brand?post=11240"},{"taxonomy":"product_cat","embeddable":true,"href":"https:\/\/www.giselagarciagleria.com.ar\/en\/wp-json\/wp\/v2\/product_cat?post=11240"},{"taxonomy":"product_tag","embeddable":true,"href":"https:\/\/www.giselagarciagleria.com.ar\/en\/wp-json\/wp\/v2\/product_tag?post=11240"}],"curies":[{"name":"wp","href":"https:\/\/api.w.org\/{rel}","templated":true}]}}