{"id":11249,"date":"2024-12-17T12:39:06","date_gmt":"2024-12-17T15:39:06","guid":{"rendered":"https:\/\/www.giselagarciagleria.com.ar\/?post_type=product&#038;p=11249"},"modified":"2026-03-29T19:18:16","modified_gmt":"2026-03-29T22:18:16","slug":"lamina-hecho-por-el-mar","status":"publish","type":"product","link":"https:\/\/www.giselagarciagleria.com.ar\/en\/product\/lamina-hecho-por-el-mar\/","title":{"rendered":"\u00abMade by the sea\u00bb Art Print"},"content":{"rendered":"<p>Estas l\u00e1minas de obras originales de Gisela Garc\u00eda Gleria son <strong>edici\u00f3n limitada<\/strong> y solo se vender\u00e1n 15 ejemplares de cada dise\u00f1o.<br \/>\nEl tama\u00f1o de impresi\u00f3n recomendado es A4 (21 x 29.7 cm)<\/p>\n<p class=\"translation-block\">Customized orders are made for any work from the artist's <strong><a href=\"https:\/\/www.giselagarciagleria.com.ar\/en\/catalogo-de-pinturas\/\" target=\"_blank\" rel=\"noopener\">CATALOG<\/a><\/strong>.<\/p>\n<p>&nbsp;<\/p>\n<hr \/>\n<h3><\/h3>\n<h3>Artwork Info<\/h3>\n<p><a href=\"https:\/\/www.giselagarciagleria.com.ar\/wp-content\/uploads\/2019\/10\/hecho-por-el-mar-e1578318824505.jpg\"><img loading=\"lazy\" decoding=\"async\" class=\"size-medium wp-image-34\" src=\"https:\/\/www.giselagarciagleria.com.ar\/wp-content\/uploads\/2019\/10\/hecho-por-el-mar-300x300.jpg\" alt=\"Hecho por el mar Gisela Garc\u00eda Gleria\" width=\"300\" height=\"300\" \/><\/a><\/p>\n<p><em>Serie: Free Spirit<\/em><br \/>\n<em>Technique: Acrylic on canvas<\/em><br \/>\n<em>Size: 60 x 60 cm<\/em><br \/>\n<em>Year: 2019<\/em><\/p>\n<p>Tribute to Talisker Single Malt Sotch Whisky 10 years,<br \/>\ninspired by a photo of Swimming in Moonlight and the Isle of Skye, Scotland.<\/p>\n<p>The Isle of Skye, home of the Talisker Distillery, is the largest and most northerly island in the Inner Hebrides, in Scotland.<br \/>\nA truly magical place where the stories of fairies and rival clans can be heard in every corner, like the echo of the sea savagely beating the rocks at night while enjoying a great whiskey in the warmth of home.<\/p>","protected":false},"excerpt":{"rendered":"<p>L\u00e1mina descargable tama\u00f1o A4 con obra original de Gisela Garc\u00eda Gleria.<br \/>\nEDICI\u00d3N LIMITADA<\/p>","protected":false},"featured_media":11186,"template":"","meta":{"_et_pb_use_builder":"","_et_pb_old_content":"","_et_gb_content_width":""},"product_brand":[],"product_cat":[110],"product_tag":[],"class_list":{"0":"post-11249","1":"product","2":"type-product","3":"status-publish","4":"has-post-thumbnail","6":"product_cat-laminas","8":"first","9":"instock","10":"downloadable","11":"shipping-taxable","12":"purchasable","13":"product-type-simple"},"a3_pvc":{"activated":false,"total_views":4,"today_views":0},"_links":{"self":[{"href":"https:\/\/www.giselagarciagleria.com.ar\/en\/wp-json\/wp\/v2\/product\/11249","targetHints":{"allow":["GET"]}}],"collection":[{"href":"https:\/\/www.giselagarciagleria.com.ar\/en\/wp-json\/wp\/v2\/product"}],"about":[{"href":"https:\/\/www.giselagarciagleria.com.ar\/en\/wp-json\/wp\/v2\/types\/product"}],"wp:featuredmedia":[{"embeddable":true,"href":"https:\/\/www.giselagarciagleria.com.ar\/en\/wp-json\/wp\/v2\/media\/11186"}],"wp:attachment":[{"href":"https:\/\/www.giselagarciagleria.com.ar\/en\/wp-json\/wp\/v2\/media?parent=11249"}],"wp:term":[{"taxonomy":"product_brand","embeddable":true,"href":"https:\/\/www.giselagarciagleria.com.ar\/en\/wp-json\/wp\/v2\/product_brand?post=11249"},{"taxonomy":"product_cat","embeddable":true,"href":"https:\/\/www.giselagarciagleria.com.ar\/en\/wp-json\/wp\/v2\/product_cat?post=11249"},{"taxonomy":"product_tag","embeddable":true,"href":"https:\/\/www.giselagarciagleria.com.ar\/en\/wp-json\/wp\/v2\/product_tag?post=11249"}],"curies":[{"name":"wp","href":"https:\/\/api.w.org\/{rel}","templated":true}]}}