{"id":11255,"date":"2024-12-17T12:45:54","date_gmt":"2024-12-17T15:45:54","guid":{"rendered":"https:\/\/www.giselagarciagleria.com.ar\/?post_type=product&#038;p=11255"},"modified":"2026-03-29T19:16:58","modified_gmt":"2026-03-29T22:16:58","slug":"lamina-islay-espiritu-de-ardbeg","status":"publish","type":"product","link":"https:\/\/www.giselagarciagleria.com.ar\/en\/product\/lamina-islay-espiritu-de-ardbeg\/","title":{"rendered":"\u00abIslay, spirit of Ardbeg\u00bb Art Print"},"content":{"rendered":"<p>Estas l\u00e1minas de obras originales de Gisela Garc\u00eda Gleria son <strong>edici\u00f3n limitada<\/strong> y solo se vender\u00e1n 15 ejemplares de cada dise\u00f1o.<br \/>\nEl tama\u00f1o de impresi\u00f3n recomendado es A4 (21 x 29.7 cm)<\/p>\n<p class=\"translation-block\">Customized orders are made for any work from the artist's <strong><a href=\"https:\/\/www.giselagarciagleria.com.ar\/en\/catalogo-de-pinturas\/\" target=\"_blank\" rel=\"noopener\">CATALOG<\/a><\/strong>.<\/p>\n<p>&nbsp;<\/p>\n<hr \/>\n<h3><\/h3>\n<h3>Artwork Info<\/h3>\n<div id=\"attachment_36\" style=\"width: 310px\" class=\"wp-caption alignnone\"><a href=\"https:\/\/www.giselagarciagleria.com.ar\/wp-content\/uploads\/2019\/10\/islay-espiritu-de-ardbeg-e1578318811167.jpg\"><img loading=\"lazy\" decoding=\"async\" aria-describedby=\"caption-attachment-36\" class=\"size-medium wp-image-36\" src=\"https:\/\/www.giselagarciagleria.com.ar\/wp-content\/uploads\/2019\/10\/islay-espiritu-de-ardbeg-300x300.jpg\" alt=\"Islay. Esp\u00edritu de Ardbeg\" width=\"300\" height=\"300\" \/><\/a><p id=\"caption-attachment-36\" class=\"wp-caption-text\">60 x 60 cm<\/p><\/div>\n<p><em>Serie: Sea Spirit<\/em><br \/>\n<em>Technique: Acrylic on canvas<\/em><br \/>\n<em>Size: 40 x 50 cm<\/em><br \/>\n<em>Year: 2022<\/em><\/p>\n<p>Inspired by a photograph by @talisker<\/p>\n<p class=\"translation-block\">Talisker Neist Point is an intense whiskey designed for whiskey lovers looking for new experiences, it has flavors that appear smoothly, with a crescendo of sea salt and spices that lead to a warm and sweetly smoky finish\u00bb <br>It is named after the most recognized cliff on the Isle of Skye and one of the most famous lighthouses in Scotland, Neist Point, located on the westernmost tip of the island.<\/p>\n<p>&nbsp;<\/p>","protected":false},"excerpt":{"rendered":"<p>L\u00e1mina descargable tama\u00f1o A4 con obra original de Gisela Garc\u00eda Gleria.<br \/>\nEDICI\u00d3N LIMITADA<\/p>","protected":false},"featured_media":11188,"template":"","meta":{"_et_pb_use_builder":"","_et_pb_old_content":"","_et_gb_content_width":""},"product_brand":[],"product_cat":[110],"product_tag":[],"class_list":{"0":"post-11255","1":"product","2":"type-product","3":"status-publish","4":"has-post-thumbnail","6":"product_cat-laminas","8":"first","9":"instock","10":"downloadable","11":"shipping-taxable","12":"purchasable","13":"product-type-simple"},"a3_pvc":{"activated":false,"total_views":3,"today_views":0},"_links":{"self":[{"href":"https:\/\/www.giselagarciagleria.com.ar\/en\/wp-json\/wp\/v2\/product\/11255","targetHints":{"allow":["GET"]}}],"collection":[{"href":"https:\/\/www.giselagarciagleria.com.ar\/en\/wp-json\/wp\/v2\/product"}],"about":[{"href":"https:\/\/www.giselagarciagleria.com.ar\/en\/wp-json\/wp\/v2\/types\/product"}],"wp:featuredmedia":[{"embeddable":true,"href":"https:\/\/www.giselagarciagleria.com.ar\/en\/wp-json\/wp\/v2\/media\/11188"}],"wp:attachment":[{"href":"https:\/\/www.giselagarciagleria.com.ar\/en\/wp-json\/wp\/v2\/media?parent=11255"}],"wp:term":[{"taxonomy":"product_brand","embeddable":true,"href":"https:\/\/www.giselagarciagleria.com.ar\/en\/wp-json\/wp\/v2\/product_brand?post=11255"},{"taxonomy":"product_cat","embeddable":true,"href":"https:\/\/www.giselagarciagleria.com.ar\/en\/wp-json\/wp\/v2\/product_cat?post=11255"},{"taxonomy":"product_tag","embeddable":true,"href":"https:\/\/www.giselagarciagleria.com.ar\/en\/wp-json\/wp\/v2\/product_tag?post=11255"}],"curies":[{"name":"wp","href":"https:\/\/api.w.org\/{rel}","templated":true}]}}