{"id":11261,"date":"2024-12-17T13:01:11","date_gmt":"2024-12-17T16:01:11","guid":{"rendered":"https:\/\/www.giselagarciagleria.com.ar\/?post_type=product&#038;p=11261"},"modified":"2026-03-29T19:15:10","modified_gmt":"2026-03-29T22:15:10","slug":"lamina-la-sombra-de-la-flota","status":"publish","type":"product","link":"https:\/\/www.giselagarciagleria.com.ar\/en\/product\/lamina-la-sombra-de-la-flota\/","title":{"rendered":"\u00abThe shadow of the fleet\u00bb Art Print"},"content":{"rendered":"<p>Estas l\u00e1minas de obras originales de Gisela Garc\u00eda Gleria son <strong>edici\u00f3n limitada<\/strong> y solo se vender\u00e1n 15 ejemplares de cada dise\u00f1o.<br \/>\nEl tama\u00f1o de impresi\u00f3n recomendado es A4 (21 x 29.7 cm)<\/p>\n<p class=\"translation-block\">Customized orders are made for any work from the artist's <strong><a href=\"https:\/\/www.giselagarciagleria.com.ar\/en\/catalogo-de-pinturas\/\" target=\"_blank\" rel=\"noopener\">CATALOG<\/a><\/strong>.<\/p>\n<p>&nbsp;<\/p>\n<hr \/>\n<h3><\/h3>\n<h3>Artwork Info<\/h3>\n<p><a href=\"https:\/\/www.giselagarciagleria.com.ar\/wp-content\/uploads\/2021\/04\/La-sombra-de-la-flota.jpg\"><img loading=\"lazy\" decoding=\"async\" class=\"alignnone size-medium wp-image-9130\" src=\"https:\/\/www.giselagarciagleria.com.ar\/wp-content\/uploads\/2021\/04\/La-sombra-de-la-flota-244x300.jpg\" alt=\"La sombra de la flota\" width=\"244\" height=\"300\" \/><\/a><\/p>\n<p><em>Serie: Sea Spirit<\/em><br \/>\n<em>Technique: Acrylic on canvas<\/em><br \/>\n<em>Size: 40 x 50 cm<\/em><br \/>\n<em>Year 2020<\/em><\/p>\n<p class=\"translation-block\"><em> Inspired by a photograph by <a href=\"\/en\/@atlanticcampeign\/\" target=\"_self\"> Atlantic Campeign <\/a> @talisker. <\/em><\/p>\n<p>Aunque los equipos del Talisker Whisky Atlantic Challenge cruzan el oc\u00e9ano Atl\u00e1ntico sin apoyo, hay dos yates de seguridad que vigilan a la flota a lo largo de su traves\u00eda.<br \/>\nTodos los patrones y la tripulaci\u00f3n hacen un excelente trabajo cuidando a los equipos, trabajando y durmiendo en turnos, a trav\u00e9s del clima impredecible, a menudo acumulando muchas m\u00e1s millas que los propios equipos.<br \/>\nTambi\u00e9n env\u00edan im\u00e1genes incre\u00edbles en vivo desde el Atl\u00e1ntico para mantener actualizados a todos los observadores.<\/p>","protected":false},"excerpt":{"rendered":"<p>L\u00e1mina descargable tama\u00f1o A4 con obra original de Gisela Garc\u00eda Gleria.<br \/>\nEDICI\u00d3N LIMITADA<\/p>","protected":false},"featured_media":11190,"template":"","meta":{"_et_pb_use_builder":"","_et_pb_old_content":"","_et_gb_content_width":""},"product_brand":[],"product_cat":[110],"product_tag":[],"class_list":{"0":"post-11261","1":"product","2":"type-product","3":"status-publish","4":"has-post-thumbnail","6":"product_cat-laminas","8":"first","9":"instock","10":"downloadable","11":"shipping-taxable","12":"purchasable","13":"product-type-simple"},"a3_pvc":{"activated":false,"total_views":13,"today_views":0},"_links":{"self":[{"href":"https:\/\/www.giselagarciagleria.com.ar\/en\/wp-json\/wp\/v2\/product\/11261","targetHints":{"allow":["GET"]}}],"collection":[{"href":"https:\/\/www.giselagarciagleria.com.ar\/en\/wp-json\/wp\/v2\/product"}],"about":[{"href":"https:\/\/www.giselagarciagleria.com.ar\/en\/wp-json\/wp\/v2\/types\/product"}],"wp:featuredmedia":[{"embeddable":true,"href":"https:\/\/www.giselagarciagleria.com.ar\/en\/wp-json\/wp\/v2\/media\/11190"}],"wp:attachment":[{"href":"https:\/\/www.giselagarciagleria.com.ar\/en\/wp-json\/wp\/v2\/media?parent=11261"}],"wp:term":[{"taxonomy":"product_brand","embeddable":true,"href":"https:\/\/www.giselagarciagleria.com.ar\/en\/wp-json\/wp\/v2\/product_brand?post=11261"},{"taxonomy":"product_cat","embeddable":true,"href":"https:\/\/www.giselagarciagleria.com.ar\/en\/wp-json\/wp\/v2\/product_cat?post=11261"},{"taxonomy":"product_tag","embeddable":true,"href":"https:\/\/www.giselagarciagleria.com.ar\/en\/wp-json\/wp\/v2\/product_tag?post=11261"}],"curies":[{"name":"wp","href":"https:\/\/api.w.org\/{rel}","templated":true}]}}