{"id":11264,"date":"2024-12-17T13:03:50","date_gmt":"2024-12-17T16:03:50","guid":{"rendered":"https:\/\/www.giselagarciagleria.com.ar\/?post_type=product&#038;p=11264"},"modified":"2026-03-29T19:13:34","modified_gmt":"2026-03-29T22:13:34","slug":"lamina-la-ventana-del-espiritu-de-caol-ila","status":"publish","type":"product","link":"https:\/\/www.giselagarciagleria.com.ar\/en\/product\/lamina-la-ventana-del-espiritu-de-caol-ila\/","title":{"rendered":"\u00abThe Caol Ila spirit window\u00bb Art Print"},"content":{"rendered":"<p>Estas l\u00e1minas de obras originales de Gisela Garc\u00eda Gleria son <strong>edici\u00f3n limitada<\/strong> y solo se vender\u00e1n 15 ejemplares de cada dise\u00f1o.<br \/>\nEl tama\u00f1o de impresi\u00f3n recomendado es A4 (21 x 29.7 cm)<\/p>\n<p class=\"translation-block\">Customized orders are made for any work from the artist's <strong><a href=\"https:\/\/www.giselagarciagleria.com.ar\/en\/catalogo-de-pinturas\/\" target=\"_blank\" rel=\"noopener\">CATALOG<\/a><\/strong>.<\/p>\n<p>&nbsp;<\/p>\n<hr \/>\n<h3><\/h3>\n<h3>Artwork Info<\/h3>\n<p><a href=\"https:\/\/www.giselagarciagleria.com.ar\/wp-content\/uploads\/2024\/07\/La-ventana-del-espiritu-de-Caol-Ila.jpg\"><img loading=\"lazy\" decoding=\"async\" class=\"alignnone size-medium wp-image-10721\" src=\"https:\/\/www.giselagarciagleria.com.ar\/wp-content\/uploads\/2024\/07\/La-ventana-del-espiritu-de-Caol-Ila-300x235.jpg\" alt=\"La ventana del esp\u00edritu de Caol Ila\" width=\"300\" height=\"235\" \/><\/a><\/p>\n<p><em>Serie: Distilleries<\/em><br \/>\n<em>Technique: Acrylic on canvas<\/em><br \/>\n<em>Size: 50 x 40 cm<\/em><br \/>\n<em>Year: 2024<\/em><\/p>\n<p>Inspired on a photography of Caol Ila Distillery posted by Cara Baillie<\/p>\n<p class=\"translation-block\">Caol Ila is derived from the Gaelic Caol \u00ccle for \u2018Sound of Islay\u2019 (literally \u2018Strait of Islay\u2019) in reference to the distillery\u2019s location overlooking the strait between Islay and Jura.<br>\nThe distillery is situated on the north-east coast of Islay with magnificent views across the Sound of Islay to the spectacular Paps of Jura.<br>\nCaol Ila is one of the lighter Islay whiskies, pale in colour, with peat, floral and spicy notes. As well as being sold as a single malt whisky, it is widely used (around 95% of its production) in blends such as Johnnie Walker\u2019s Black Label (owned by Diageo).<br>\nThis painting I made of the styles and the incredible view of the distillation room is another artistic tribute to the people who make such a wonderful whisky.<br>\nSl\u00e1inte!<\/p>\n<p>&nbsp;<\/p>","protected":false},"excerpt":{"rendered":"<p>L\u00e1mina descargable tama\u00f1o A4 con obra original de Gisela Garc\u00eda Gleria.<br \/>\nEDICI\u00d3N LIMITADA<\/p>","protected":false},"featured_media":11191,"template":"","meta":{"_et_pb_use_builder":"","_et_pb_old_content":"","_et_gb_content_width":""},"product_brand":[],"product_cat":[110],"product_tag":[],"class_list":{"0":"post-11264","1":"product","2":"type-product","3":"status-publish","4":"has-post-thumbnail","6":"product_cat-laminas","8":"first","9":"instock","10":"downloadable","11":"shipping-taxable","12":"purchasable","13":"product-type-simple"},"a3_pvc":{"activated":false,"total_views":59,"today_views":0},"_links":{"self":[{"href":"https:\/\/www.giselagarciagleria.com.ar\/en\/wp-json\/wp\/v2\/product\/11264","targetHints":{"allow":["GET"]}}],"collection":[{"href":"https:\/\/www.giselagarciagleria.com.ar\/en\/wp-json\/wp\/v2\/product"}],"about":[{"href":"https:\/\/www.giselagarciagleria.com.ar\/en\/wp-json\/wp\/v2\/types\/product"}],"wp:featuredmedia":[{"embeddable":true,"href":"https:\/\/www.giselagarciagleria.com.ar\/en\/wp-json\/wp\/v2\/media\/11191"}],"wp:attachment":[{"href":"https:\/\/www.giselagarciagleria.com.ar\/en\/wp-json\/wp\/v2\/media?parent=11264"}],"wp:term":[{"taxonomy":"product_brand","embeddable":true,"href":"https:\/\/www.giselagarciagleria.com.ar\/en\/wp-json\/wp\/v2\/product_brand?post=11264"},{"taxonomy":"product_cat","embeddable":true,"href":"https:\/\/www.giselagarciagleria.com.ar\/en\/wp-json\/wp\/v2\/product_cat?post=11264"},{"taxonomy":"product_tag","embeddable":true,"href":"https:\/\/www.giselagarciagleria.com.ar\/en\/wp-json\/wp\/v2\/product_tag?post=11264"}],"curies":[{"name":"wp","href":"https:\/\/api.w.org\/{rel}","templated":true}]}}