{"id":11279,"date":"2024-12-17T13:19:35","date_gmt":"2024-12-17T16:19:35","guid":{"rendered":"https:\/\/www.giselagarciagleria.com.ar\/?post_type=product&#038;p=11279"},"modified":"2026-03-29T19:10:18","modified_gmt":"2026-03-29T22:10:18","slug":"lamina-retrato-del-dr-bill-lumsden","status":"publish","type":"product","link":"https:\/\/www.giselagarciagleria.com.ar\/en\/product\/lamina-retrato-del-dr-bill-lumsden\/","title":{"rendered":"\u00abDr. Bill Lumsden portrait\u00bb Art Print"},"content":{"rendered":"<p>Estas l\u00e1minas de obras originales de Gisela Garc\u00eda Gleria son <strong>edici\u00f3n limitada<\/strong> y solo se vender\u00e1n 15 ejemplares de cada dise\u00f1o.<br \/>\nEl tama\u00f1o de impresi\u00f3n recomendado es A4 (21 x 29.7 cm)<\/p>\n<p class=\"translation-block\">Customized orders are made for any work from the artist's <strong><a href=\"https:\/\/www.giselagarciagleria.com.ar\/en\/catalogo-de-pinturas\/\" target=\"_blank\" rel=\"noopener\">CATALOG<\/a><\/strong>.<\/p>\n<p>&nbsp;<\/p>\n<hr \/>\n<h3><\/h3>\n<h3>Artwork Info<\/h3>\n<p><a href=\"https:\/\/www.giselagarciagleria.com.ar\/wp-content\/uploads\/2022\/04\/Retrato-del-Dr.-Bill-Lumsden.jpg\"><img loading=\"lazy\" decoding=\"async\" class=\"alignnone size-medium wp-image-9477\" src=\"https:\/\/www.giselagarciagleria.com.ar\/wp-content\/uploads\/2022\/04\/Retrato-del-Dr.-Bill-Lumsden-246x300.jpg\" alt=\"Retrato del Dr. Bill Lumsden\" width=\"246\" height=\"300\" \/><\/a><\/p>\n<p><em>Serie: Whisky World<\/em><br \/>\n<em>Technique: Acrylic on canvas<\/em><br \/>\n<em>Size: 50 x 60 cm<\/em><br \/>\n<em>Year: 2022<\/em><\/p>\n<p>Inspired by a photograph by @glenmorangie<\/p>\n<p class=\"translation-block\">In a conversation with Rusty Figgins over a year ago, the idea of doing the portrait of Dr. Bill Lumsden came up. <br> It took me time to find the opportunity to do it, giving him the attention and dedication he deserved. <br>Finally I managed to meet that challenge, in this new work, a tribute to a great whiskey industry.<\/p>","protected":false},"excerpt":{"rendered":"<p>L\u00e1mina descargable tama\u00f1o A4 con obra original de Gisela Garc\u00eda Gleria.<br \/>\nEDICI\u00d3N LIMITADA<\/p>","protected":false},"featured_media":11196,"template":"","meta":{"_et_pb_use_builder":"","_et_pb_old_content":"","_et_gb_content_width":""},"product_brand":[],"product_cat":[110],"product_tag":[],"class_list":{"0":"post-11279","1":"product","2":"type-product","3":"status-publish","4":"has-post-thumbnail","6":"product_cat-laminas","8":"first","9":"instock","10":"downloadable","11":"shipping-taxable","12":"purchasable","13":"product-type-simple"},"a3_pvc":{"activated":false,"total_views":7,"today_views":0},"_links":{"self":[{"href":"https:\/\/www.giselagarciagleria.com.ar\/en\/wp-json\/wp\/v2\/product\/11279","targetHints":{"allow":["GET"]}}],"collection":[{"href":"https:\/\/www.giselagarciagleria.com.ar\/en\/wp-json\/wp\/v2\/product"}],"about":[{"href":"https:\/\/www.giselagarciagleria.com.ar\/en\/wp-json\/wp\/v2\/types\/product"}],"wp:featuredmedia":[{"embeddable":true,"href":"https:\/\/www.giselagarciagleria.com.ar\/en\/wp-json\/wp\/v2\/media\/11196"}],"wp:attachment":[{"href":"https:\/\/www.giselagarciagleria.com.ar\/en\/wp-json\/wp\/v2\/media?parent=11279"}],"wp:term":[{"taxonomy":"product_brand","embeddable":true,"href":"https:\/\/www.giselagarciagleria.com.ar\/en\/wp-json\/wp\/v2\/product_brand?post=11279"},{"taxonomy":"product_cat","embeddable":true,"href":"https:\/\/www.giselagarciagleria.com.ar\/en\/wp-json\/wp\/v2\/product_cat?post=11279"},{"taxonomy":"product_tag","embeddable":true,"href":"https:\/\/www.giselagarciagleria.com.ar\/en\/wp-json\/wp\/v2\/product_tag?post=11279"}],"curies":[{"name":"wp","href":"https:\/\/api.w.org\/{rel}","templated":true}]}}