{"id":11752,"date":"2025-04-22T13:46:11","date_gmt":"2025-04-22T16:46:11","guid":{"rendered":"https:\/\/www.giselagarciagleria.com.ar\/?post_type=product&#038;p=11752"},"modified":"2026-03-29T17:17:31","modified_gmt":"2026-03-29T20:17:31","slug":"oda-al-vino-30-x-30-cm","status":"publish","type":"product","link":"https:\/\/www.giselagarciagleria.com.ar\/en\/product\/oda-al-vino-30-x-30-cm\/","title":{"rendered":"Oda al Vino [30 x 30 cm]"},"content":{"rendered":"<h2>Ode to wine<\/h2>\n<div class=\"et_pb_module et_pb_text et_pb_text_1  et_pb_text_align_left et_pb_bg_layout_light\">\n<div class=\"et_pb_text_inner\">\n<p>Inspired by Pablo Neruda's poem of the same name, I painted this canvas that opens the series, combining two of the most representative grape varieties of the Mendoza region, Cabernet Sauvignon and Malbec, seeking to reflect the simplicity of a serene and relaxed scene.<\/p>\n<\/div>\n<\/div>\n<p>&nbsp;<\/p>","protected":false},"excerpt":{"rendered":"<p><strong>Pintura original by Gisela Garc\u00eda Gleria<\/strong><\/p>\n<p>Serie: Wine Painting<\/p>\n<p>Technique: Acrylic and charcoal on canvas<\/p>\n<p>Cabernet Sauvignon, Malbec<\/p>\n<p>Size: 30 x 30 cm<\/p>\n<p>Year: 2025<\/p>","protected":false},"featured_media":11602,"template":"","meta":{"_et_pb_use_builder":"on","_et_pb_old_content":"<h2>Oda al Vino<\/h2>\r\n<div class=\"et_pb_module et_pb_text et_pb_text_1  et_pb_text_align_left et_pb_bg_layout_light\">\r\n<div class=\"et_pb_text_inner\">\r\n\r\nInspirada en el poema hom\u00f3nimo de Pablo Neruda, pint\u00e9 este cuadro que inaugura la serie, combinando dos de las cepas m\u00e1s representativas de la regi\u00f3n mendocina, el Cabernet Sauvignon y el Malbec, buscando reflejar la simpleza de una escena serena y relajada.\r\n\r\n<\/div>\r\n<\/div>\r\n&nbsp;","_et_gb_content_width":""},"product_brand":[],"product_cat":[115],"product_tag":[],"class_list":{"0":"post-11752","1":"product","2":"type-product","3":"status-publish","4":"has-post-thumbnail","6":"product_cat-pinturas","8":"first","9":"instock","10":"featured","11":"shipping-taxable","12":"purchasable","13":"product-type-simple"},"a3_pvc":{"activated":false,"total_views":34,"today_views":1},"_links":{"self":[{"href":"https:\/\/www.giselagarciagleria.com.ar\/en\/wp-json\/wp\/v2\/product\/11752","targetHints":{"allow":["GET"]}}],"collection":[{"href":"https:\/\/www.giselagarciagleria.com.ar\/en\/wp-json\/wp\/v2\/product"}],"about":[{"href":"https:\/\/www.giselagarciagleria.com.ar\/en\/wp-json\/wp\/v2\/types\/product"}],"wp:featuredmedia":[{"embeddable":true,"href":"https:\/\/www.giselagarciagleria.com.ar\/en\/wp-json\/wp\/v2\/media\/11602"}],"wp:attachment":[{"href":"https:\/\/www.giselagarciagleria.com.ar\/en\/wp-json\/wp\/v2\/media?parent=11752"}],"wp:term":[{"taxonomy":"product_brand","embeddable":true,"href":"https:\/\/www.giselagarciagleria.com.ar\/en\/wp-json\/wp\/v2\/product_brand?post=11752"},{"taxonomy":"product_cat","embeddable":true,"href":"https:\/\/www.giselagarciagleria.com.ar\/en\/wp-json\/wp\/v2\/product_cat?post=11752"},{"taxonomy":"product_tag","embeddable":true,"href":"https:\/\/www.giselagarciagleria.com.ar\/en\/wp-json\/wp\/v2\/product_tag?post=11752"}],"curies":[{"name":"wp","href":"https:\/\/api.w.org\/{rel}","templated":true}]}}